{"id":2246,"date":"2022-02-15T15:39:22","date_gmt":"2022-02-15T15:39:22","guid":{"rendered":"https:\/\/denersa.waizabu.com\/index.php\/construccion-2\/"},"modified":"2024-10-02T11:26:55","modified_gmt":"2024-10-02T11:26:55","slug":"energia","status":"publish","type":"page","link":"https:\/\/salazardenersa.es\/index.php\/energia\/","title":{"rendered":"Energ\u00eda"},"content":{"rendered":"<p><div class=\"fusion-fullwidth fullwidth-box fusion-builder-row-1 fusion-flex-container has-pattern-background has-mask-background fusion-parallax-none nonhundred-percent-fullwidth non-hundred-percent-height-scrolling lazyload\" style=\"--awb-border-radius-top-left:0px;--awb-border-radius-top-right:0px;--awb-border-radius-bottom-right:0px;--awb-border-radius-bottom-left:0px;--awb-padding-top:45px;--awb-background-color:var(--awb-color2);--awb-background-size:cover;--awb-flex-wrap:wrap;\" data-bg=\"https:\/\/salazardenersa.es\/wp-content\/uploads\/2022\/02\/ENergia.jpg\" ><div class=\"fusion-builder-row fusion-row fusion-flex-align-items-flex-start fusion-flex-justify-content-center fusion-flex-content-wrap\" style=\"max-width:calc( 1180px + 0px );margin-left: calc(-0px \/ 2 );margin-right: calc(-0px \/ 2 );\"><div class=\"fusion-layout-column fusion_builder_column fusion-builder-column-0 fusion_builder_column_2_3 2_3 fusion-flex-column fusion-animated\" style=\"--awb-bg-blend:overlay;--awb-bg-size:cover;--awb-width-large:66.666666666667%;--awb-margin-top-large:85px;--awb-spacing-right-large:0px;--awb-margin-bottom-large:60px;--awb-spacing-left-large:0px;--awb-width-medium:100%;--awb-spacing-right-medium:0px;--awb-spacing-left-medium:0px;--awb-width-small:100%;--awb-spacing-right-small:0px;--awb-spacing-left-small:0px;\" data-animationType=\"zoomIn\" data-animationDuration=\"0.9\" data-animationOffset=\"top-into-view\"><div class=\"fusion-column-wrapper fusion-flex-justify-content-flex-start fusion-content-layout-column\"><div class=\"fusion-title title fusion-title-1 fusion-sep-none fusion-title-center fusion-title-text fusion-title-size-one\"><h1 class=\"fusion-title-heading title-heading-center fusion-responsive-typography-calculated\" style=\"margin:0;--fontSize:68;line-height:var(--awb-typography1-line-height);\"><span style=\"color: var(--awb-color7);\">ENERG\u00cdA<\/span><\/h1><\/div><div class=\"fusion-separator\" style=\"align-self: center;margin-left: auto;margin-right: auto;margin-top:16px;margin-bottom:36px;width:100%;max-width:24%;\"><div class=\"fusion-separator-border sep-single\" style=\"--awb-height:20px;--awb-amount:20px;border-color:var(--awb-color6);border-top-width:2px;\"><\/div><\/div><div class=\"fusion-text fusion-text-1\" style=\"--awb-text-transform:none;--awb-text-color:var(--awb-color8);\"><p style=\"text-align: center;\"><strong>En el sector de ingenier\u00eda civil dise\u00f1amos obras de infraestructuras urbanas, estructuras y edificaci\u00f3n.<\/strong><br \/>\n<strong>Contamos con experiencia en el dise\u00f1o de obras singulares de alto valor a\u00f1adido.<\/strong><\/p>\n<\/div><\/div><\/div><div class=\"fusion-layout-column fusion_builder_column fusion-builder-column-1 fusion_builder_column_1_1 1_1 fusion-flex-column\" style=\"--awb-bg-blend:overlay;--awb-bg-size:cover;--awb-width-large:100%;--awb-margin-top-large:0px;--awb-spacing-right-large:0px;--awb-margin-bottom-large:0px;--awb-spacing-left-large:0px;--awb-width-medium:100%;--awb-spacing-right-medium:0px;--awb-spacing-left-medium:0px;--awb-width-small:100%;--awb-spacing-right-small:0px;--awb-spacing-left-small:0px;\"><div class=\"fusion-column-wrapper fusion-flex-justify-content-center fusion-content-layout-column\"><div class=\"fusion-section-separator section-separator big-half-circle fusion-section-separator-1\" style=\"--awb-spacer-height:99px;--awb-svg-margin-left:0px;--awb-svg-margin-right:0px;--awb-svg-margin-left-medium:0px;--awb-svg-margin-right-medium:0px;--awb-svg-margin-left-small:0px;--awb-svg-margin-right-small:0px;--awb-divider-height:99px;--awb-spacer-padding-top:inherit;--awb-sep-padding:0;--awb-svg-padding:0;\"><div class=\"fusion-section-separator-svg\"><svg class=\"fusion-big-half-circle-candy\" xmlns=\"http:\/\/www.w3.org\/2000\/svg\" version=\"1.1\" width=\"100%\" height=\"100\" viewBox=\"0 0 100 100\" preserveAspectRatio=\"none\" fill=\"rgba(255,255,255,1)\"><path d=\"M0 100 C40 0 60 0 100 100 Z\"><\/path><\/svg><\/div><div class=\"fusion-section-separator-spacer\"><div class=\"fusion-section-separator-spacer-height\"><\/div><\/div><\/div><\/div><\/div><\/div><\/div><div class=\"fusion-fullwidth fullwidth-box fusion-builder-row-2 fusion-flex-container nonhundred-percent-fullwidth non-hundred-percent-height-scrolling\" style=\"--awb-border-radius-top-left:0px;--awb-border-radius-top-right:0px;--awb-border-radius-bottom-right:0px;--awb-border-radius-bottom-left:0px;--awb-background-color:#ffffff;--awb-flex-wrap:wrap;\" ><div class=\"fusion-builder-row fusion-row fusion-flex-align-items-flex-start fusion-flex-content-wrap\" style=\"max-width:1227.2px;margin-left: calc(-4% \/ 2 );margin-right: calc(-4% \/ 2 );\"><div class=\"fusion-layout-column fusion_builder_column fusion-builder-column-2 fusion_builder_column_1_2 1_2 fusion-flex-column fusion-flex-align-self-center\" style=\"--awb-bg-size:cover;--awb-width-large:50%;--awb-margin-top-large:15px;--awb-spacing-right-large:3.84%;--awb-margin-bottom-large:15px;--awb-spacing-left-large:3.84%;--awb-width-medium:100%;--awb-order-medium:0;--awb-spacing-right-medium:1.92%;--awb-spacing-left-medium:1.92%;--awb-width-small:100%;--awb-order-small:0;--awb-spacing-right-small:1.92%;--awb-spacing-left-small:1.92%;\"><div class=\"fusion-column-wrapper fusion-column-has-shadow fusion-flex-justify-content-center fusion-content-layout-column\"><div class=\"fusion-image-element \" style=\"text-align:center;--awb-caption-title-font-family:var(--h2_typography-font-family);--awb-caption-title-font-weight:var(--h2_typography-font-weight);--awb-caption-title-font-style:var(--h2_typography-font-style);--awb-caption-title-size:var(--h2_typography-font-size);--awb-caption-title-transform:var(--h2_typography-text-transform);--awb-caption-title-line-height:var(--h2_typography-line-height);--awb-caption-title-letter-spacing:var(--h2_typography-letter-spacing);\"><span class=\" fusion-imageframe imageframe-dropshadow imageframe-1 hover-type-none\" style=\"-webkit-box-shadow: 3px 3px 7px hsla(var(--awb-color3-h),var(--awb-color3-s),calc(var(--awb-color3-l) - 87%),var(--awb-color3-a));box-shadow: 3px 3px 7px hsla(var(--awb-color3-h),var(--awb-color3-s),calc(var(--awb-color3-l) - 87%),var(--awb-color3-a));\"><img decoding=\"async\" width=\"600\" height=\"600\" alt=\"Hidroelectrica Salazar Denersa 1\" title=\"Hidroelectrica Salazar Denersa 1\" src=\"https:\/\/salazardenersa.es\/wp-content\/uploads\/2022\/02\/energia2.jpg\" data-orig-src=\"https:\/\/salazardenersa.es\/wp-content\/uploads\/2022\/02\/energia2.jpg\" class=\"lazyload img-responsive wp-image-2250\" srcset=\"data:image\/svg+xml,%3Csvg%20xmlns%3D%27http%3A%2F%2Fwww.w3.org%2F2000%2Fsvg%27%20width%3D%27600%27%20height%3D%27600%27%20viewBox%3D%270%200%20600%20600%27%3E%3Crect%20width%3D%27600%27%20height%3D%27600%27%20fill-opacity%3D%220%22%2F%3E%3C%2Fsvg%3E\" data-srcset=\"https:\/\/salazardenersa.es\/wp-content\/uploads\/2022\/02\/energia2-200x200.jpg 200w, https:\/\/salazardenersa.es\/wp-content\/uploads\/2022\/02\/energia2-400x400.jpg 400w, https:\/\/salazardenersa.es\/wp-content\/uploads\/2022\/02\/energia2.jpg 600w\" data-sizes=\"auto\" data-orig-sizes=\"(max-width: 1000px) 100vw, (max-width: 640px) 100vw, 600px\" \/><\/span><\/div><\/div><\/div><div class=\"fusion-layout-column fusion_builder_column fusion-builder-column-3 fusion_builder_column_1_6 1_6 fusion-flex-column\" style=\"--awb-bg-size:cover;--awb-width-large:16.666666666667%;--awb-margin-top-large:15px;--awb-spacing-right-large:11.52%;--awb-margin-bottom-large:15px;--awb-spacing-left-large:11.52%;--awb-width-medium:100%;--awb-order-medium:0;--awb-spacing-right-medium:1.92%;--awb-spacing-left-medium:1.92%;--awb-width-small:100%;--awb-order-small:0;--awb-spacing-right-small:1.92%;--awb-spacing-left-small:1.92%;\"><div class=\"fusion-column-wrapper fusion-column-has-shadow fusion-flex-justify-content-flex-start fusion-content-layout-column\"><a class=\"fb-icon-element-1 fb-icon-element fontawesome-icon fa-wind fas circle-yes fusion-animated fusion-link\" style=\"--awb-iconcolor:var(--awb-color4);--awb-iconcolor-hover:var(--awb-color8);--awb-circlebordersize:1px;--awb-font-size:44px;--awb-width:88px;--awb-height:88px;--awb-line-height:86px;--awb-margin-top:0;--awb-margin-right:0;--awb-margin-bottom:0;--awb-margin-left:0;--awb-align-self:center;\" data-animationType=\"bounceInLeft\" data-animationDuration=\"0.6\" data-animationOffset=\"top-into-view\" href=\"https:\/\/salazardenersa.es\/index.php\/energia\/eolica\/\" aria-label=\"Link to https:\/\/salazardenersa.es\/index.php\/energia\/eolica\/\" target=\"_self\"><\/a><div class=\"fusion-text fusion-text-2\" style=\"--awb-text-transform:none;\"><h2 style=\"text-align: center;\">E\u00f3lica<\/h2>\n<\/div><\/div><\/div><div class=\"fusion-layout-column fusion_builder_column fusion-builder-column-4 fusion_builder_column_1_6 1_6 fusion-flex-column\" style=\"--awb-bg-size:cover;--awb-width-large:16.666666666667%;--awb-margin-top-large:15px;--awb-spacing-right-large:11.52%;--awb-margin-bottom-large:15px;--awb-spacing-left-large:11.52%;--awb-width-medium:100%;--awb-order-medium:0;--awb-spacing-right-medium:1.92%;--awb-spacing-left-medium:1.92%;--awb-width-small:100%;--awb-order-small:0;--awb-spacing-right-small:1.92%;--awb-spacing-left-small:1.92%;\"><div class=\"fusion-column-wrapper fusion-column-has-shadow fusion-flex-justify-content-flex-start fusion-content-layout-column\"><a class=\"fb-icon-element-2 fb-icon-element fontawesome-icon fa-sun fas circle-yes fusion-animated fusion-link\" style=\"--awb-iconcolor:var(--awb-color4);--awb-iconcolor-hover:var(--awb-color8);--awb-circlebordersize:1px;--awb-font-size:44px;--awb-width:88px;--awb-height:88px;--awb-line-height:86px;--awb-margin-top:0;--awb-margin-right:0;--awb-margin-bottom:0;--awb-margin-left:0;--awb-align-self:center;\" data-animationType=\"bounceInLeft\" data-animationDuration=\"0.6\" data-animationOffset=\"top-into-view\" href=\"https:\/\/salazardenersa.es\/index.php\/energia\/solar\/\" aria-label=\"Link to https:\/\/salazardenersa.es\/index.php\/energia\/solar\/\" target=\"_self\"><\/a><div class=\"fusion-text fusion-text-3\" style=\"--awb-text-transform:none;\"><h2 style=\"text-align: center;\">Solar<\/h2>\n<\/div><\/div><\/div><div class=\"fusion-layout-column fusion_builder_column fusion-builder-column-5 fusion_builder_column_1_6 1_6 fusion-flex-column\" style=\"--awb-bg-size:cover;--awb-width-large:16.666666666667%;--awb-margin-top-large:15px;--awb-spacing-right-large:11.52%;--awb-margin-bottom-large:15px;--awb-spacing-left-large:11.52%;--awb-width-medium:100%;--awb-order-medium:0;--awb-spacing-right-medium:1.92%;--awb-spacing-left-medium:1.92%;--awb-width-small:100%;--awb-order-small:0;--awb-spacing-right-small:1.92%;--awb-spacing-left-small:1.92%;\"><div class=\"fusion-column-wrapper fusion-column-has-shadow fusion-flex-justify-content-flex-start fusion-content-layout-column\"><a class=\"fb-icon-element-3 fb-icon-element fontawesome-icon fa-tint fas circle-yes fusion-animated fusion-link\" style=\"--awb-iconcolor:var(--awb-color4);--awb-iconcolor-hover:var(--awb-color8);--awb-circlebordersize:1px;--awb-font-size:44px;--awb-width:88px;--awb-height:88px;--awb-line-height:86px;--awb-margin-top:0;--awb-margin-right:0;--awb-margin-bottom:0;--awb-margin-left:0;--awb-align-self:center;\" data-animationType=\"bounceInLeft\" data-animationDuration=\"0.6\" data-animationOffset=\"top-into-view\" href=\"https:\/\/salazardenersa.es\/index.php\/energia\/hidroelectrica\/\" aria-label=\"Link to https:\/\/salazardenersa.es\/index.php\/energia\/hidroelectrica\/\" target=\"_self\"><\/a><div class=\"fusion-text fusion-text-4\" style=\"--awb-text-transform:none;\"><h2 style=\"text-align: center;\">Hidroel\u00e9ctrica<\/h2>\n<\/div><\/div><\/div><\/div><\/div><div class=\"fusion-fullwidth fullwidth-box fusion-builder-row-3 fusion-flex-container nonhundred-percent-fullwidth non-hundred-percent-height-scrolling\" style=\"--awb-border-radius-top-left:0px;--awb-border-radius-top-right:0px;--awb-border-radius-bottom-right:0px;--awb-border-radius-bottom-left:0px;--awb-flex-wrap:wrap;\" ><div class=\"fusion-builder-row fusion-row fusion-flex-align-items-flex-start fusion-flex-content-wrap\" style=\"max-width:1227.2px;margin-left: calc(-4% \/ 2 );margin-right: calc(-4% \/ 2 );\"><div class=\"fusion-layout-column fusion_builder_column fusion-builder-column-6 fusion_builder_column_1_1 1_1 fusion-flex-column\" style=\"--awb-bg-size:cover;--awb-width-large:100%;--awb-margin-top-large:15px;--awb-spacing-right-large:1.92%;--awb-margin-bottom-large:15px;--awb-spacing-left-large:1.92%;--awb-width-medium:100%;--awb-order-medium:0;--awb-spacing-right-medium:1.92%;--awb-spacing-left-medium:1.92%;--awb-width-small:100%;--awb-order-small:0;--awb-spacing-right-small:1.92%;--awb-spacing-left-small:1.92%;\"><div class=\"fusion-column-wrapper fusion-column-has-shadow fusion-flex-justify-content-flex-start fusion-content-layout-column\"><div class=\"fusion-text fusion-text-5\"><p style=\"text-align: center;\">SALAZAR- DENERSA desarrolla Proyectos de Energ\u00eda Renovable, desde la evaluaci\u00f3n del Recurso energ\u00e9tico, Estudio de Viabilidad T\u00e9cnica y Econ\u00f3mica, Proyecto, Tramitaciones, Ejecuci\u00f3n de Obra y Puesta en Marcha de las Instalaciones, as\u00ed como su explotaci\u00f3n y mantenimiento.<\/p>\n<p style=\"text-align: center;\">Hemos desarrollado y construido proyectos energ\u00e9ticos de tecnolog\u00eda e\u00f3lica, fotovoltaica e hidroel\u00e9ctrica.<\/p>\n<\/div><\/div><\/div><\/div><\/div><\/p>\n","protected":false},"excerpt":{"rendered":"","protected":false},"author":1,"featured_media":0,"parent":0,"menu_order":8,"comment_status":"closed","ping_status":"closed","template":"100-width.php","meta":{"footnotes":""},"class_list":["post-2246","page","type-page","status-publish","hentry"],"yoast_head":"<!-- This site is optimized with the Yoast SEO plugin v23.5 - https:\/\/yoast.com\/wordpress\/plugins\/seo\/ -->\n<title>Energ\u00eda - Salazar Denersa<\/title>\n<meta name=\"description\" content=\"Salazar Denersa ofrece soluciones energ\u00e9ticas eficientes y sostenibles, brindando servicios que optimizan el consumo de energ\u00eda.\" \/>\n<meta name=\"robots\" content=\"index, follow, max-snippet:-1, max-image-preview:large, max-video-preview:-1\" \/>\n<link rel=\"canonical\" href=\"https:\/\/salazardenersa.es\/index.php\/energia\/\" \/>\n<meta property=\"og:locale\" content=\"es_ES\" \/>\n<meta property=\"og:type\" content=\"article\" \/>\n<meta property=\"og:title\" content=\"Energ\u00eda - Salazar Denersa\" \/>\n<meta property=\"og:description\" content=\"Salazar Denersa ofrece soluciones energ\u00e9ticas eficientes y sostenibles, brindando servicios que optimizan el consumo de energ\u00eda.\" \/>\n<meta property=\"og:url\" content=\"https:\/\/salazardenersa.es\/index.php\/energia\/\" \/>\n<meta property=\"og:site_name\" content=\"Salazar Denersa\" \/>\n<meta property=\"article:modified_time\" content=\"2024-10-02T11:26:55+00:00\" \/>\n<meta name=\"twitter:card\" content=\"summary_large_image\" \/>\n<meta name=\"twitter:label1\" content=\"Tiempo de lectura\" \/>\n\t<meta name=\"twitter:data1\" content=\"1 minuto\" \/>\n<script type=\"application\/ld+json\" class=\"yoast-schema-graph\">{\"@context\":\"https:\/\/schema.org\",\"@graph\":[{\"@type\":\"WebPage\",\"@id\":\"https:\/\/salazardenersa.es\/index.php\/energia\/\",\"url\":\"https:\/\/salazardenersa.es\/index.php\/energia\/\",\"name\":\"Energ\u00eda - Salazar Denersa\",\"isPartOf\":{\"@id\":\"https:\/\/salazardenersa.es\/#website\"},\"datePublished\":\"2022-02-15T15:39:22+00:00\",\"dateModified\":\"2024-10-02T11:26:55+00:00\",\"description\":\"Salazar Denersa ofrece soluciones energ\u00e9ticas eficientes y sostenibles, brindando servicios que optimizan el consumo de energ\u00eda.\",\"breadcrumb\":{\"@id\":\"https:\/\/salazardenersa.es\/index.php\/energia\/#breadcrumb\"},\"inLanguage\":\"es\",\"potentialAction\":[{\"@type\":\"ReadAction\",\"target\":[\"https:\/\/salazardenersa.es\/index.php\/energia\/\"]}]},{\"@type\":\"BreadcrumbList\",\"@id\":\"https:\/\/salazardenersa.es\/index.php\/energia\/#breadcrumb\",\"itemListElement\":[{\"@type\":\"ListItem\",\"position\":1,\"name\":\"Portada\",\"item\":\"https:\/\/salazardenersa.es\/\"},{\"@type\":\"ListItem\",\"position\":2,\"name\":\"Energ\u00eda\"}]},{\"@type\":\"WebSite\",\"@id\":\"https:\/\/salazardenersa.es\/#website\",\"url\":\"https:\/\/salazardenersa.es\/\",\"name\":\"Salazar Denersa\",\"description\":\"Energ\u00edas renovables e ingener\u00eda civil\",\"potentialAction\":[{\"@type\":\"SearchAction\",\"target\":{\"@type\":\"EntryPoint\",\"urlTemplate\":\"https:\/\/salazardenersa.es\/?s={search_term_string}\"},\"query-input\":{\"@type\":\"PropertyValueSpecification\",\"valueRequired\":true,\"valueName\":\"search_term_string\"}}],\"inLanguage\":\"es\"}]}<\/script>\n<!-- \/ Yoast SEO plugin. -->","yoast_head_json":{"title":"Energ\u00eda - Salazar Denersa","description":"Salazar Denersa ofrece soluciones energ\u00e9ticas eficientes y sostenibles, brindando servicios que optimizan el consumo de energ\u00eda.","robots":{"index":"index","follow":"follow","max-snippet":"max-snippet:-1","max-image-preview":"max-image-preview:large","max-video-preview":"max-video-preview:-1"},"canonical":"https:\/\/salazardenersa.es\/index.php\/energia\/","og_locale":"es_ES","og_type":"article","og_title":"Energ\u00eda - Salazar Denersa","og_description":"Salazar Denersa ofrece soluciones energ\u00e9ticas eficientes y sostenibles, brindando servicios que optimizan el consumo de energ\u00eda.","og_url":"https:\/\/salazardenersa.es\/index.php\/energia\/","og_site_name":"Salazar Denersa","article_modified_time":"2024-10-02T11:26:55+00:00","twitter_card":"summary_large_image","twitter_misc":{"Tiempo de lectura":"1 minuto"},"schema":{"@context":"https:\/\/schema.org","@graph":[{"@type":"WebPage","@id":"https:\/\/salazardenersa.es\/index.php\/energia\/","url":"https:\/\/salazardenersa.es\/index.php\/energia\/","name":"Energ\u00eda - Salazar Denersa","isPartOf":{"@id":"https:\/\/salazardenersa.es\/#website"},"datePublished":"2022-02-15T15:39:22+00:00","dateModified":"2024-10-02T11:26:55+00:00","description":"Salazar Denersa ofrece soluciones energ\u00e9ticas eficientes y sostenibles, brindando servicios que optimizan el consumo de energ\u00eda.","breadcrumb":{"@id":"https:\/\/salazardenersa.es\/index.php\/energia\/#breadcrumb"},"inLanguage":"es","potentialAction":[{"@type":"ReadAction","target":["https:\/\/salazardenersa.es\/index.php\/energia\/"]}]},{"@type":"BreadcrumbList","@id":"https:\/\/salazardenersa.es\/index.php\/energia\/#breadcrumb","itemListElement":[{"@type":"ListItem","position":1,"name":"Portada","item":"https:\/\/salazardenersa.es\/"},{"@type":"ListItem","position":2,"name":"Energ\u00eda"}]},{"@type":"WebSite","@id":"https:\/\/salazardenersa.es\/#website","url":"https:\/\/salazardenersa.es\/","name":"Salazar Denersa","description":"Energ\u00edas renovables e ingener\u00eda civil","potentialAction":[{"@type":"SearchAction","target":{"@type":"EntryPoint","urlTemplate":"https:\/\/salazardenersa.es\/?s={search_term_string}"},"query-input":{"@type":"PropertyValueSpecification","valueRequired":true,"valueName":"search_term_string"}}],"inLanguage":"es"}]}},"_links":{"self":[{"href":"https:\/\/salazardenersa.es\/index.php\/wp-json\/wp\/v2\/pages\/2246","targetHints":{"allow":["GET"]}}],"collection":[{"href":"https:\/\/salazardenersa.es\/index.php\/wp-json\/wp\/v2\/pages"}],"about":[{"href":"https:\/\/salazardenersa.es\/index.php\/wp-json\/wp\/v2\/types\/page"}],"author":[{"embeddable":true,"href":"https:\/\/salazardenersa.es\/index.php\/wp-json\/wp\/v2\/users\/1"}],"replies":[{"embeddable":true,"href":"https:\/\/salazardenersa.es\/index.php\/wp-json\/wp\/v2\/comments?post=2246"}],"version-history":[{"count":12,"href":"https:\/\/salazardenersa.es\/index.php\/wp-json\/wp\/v2\/pages\/2246\/revisions"}],"predecessor-version":[{"id":2454,"href":"https:\/\/salazardenersa.es\/index.php\/wp-json\/wp\/v2\/pages\/2246\/revisions\/2454"}],"wp:attachment":[{"href":"https:\/\/salazardenersa.es\/index.php\/wp-json\/wp\/v2\/media?parent=2246"}],"curies":[{"name":"wp","href":"https:\/\/api.w.org\/{rel}","templated":true}]}}