{"id":16,"date":"2017-11-15T09:43:23","date_gmt":"2017-11-15T09:43:23","guid":{"rendered":"https:\/\/denersa.waizabu.com\/?page_id=16"},"modified":"2024-10-02T11:14:40","modified_gmt":"2024-10-02T11:14:40","slug":"empresa","status":"publish","type":"page","link":"https:\/\/salazardenersa.es\/index.php\/empresa\/","title":{"rendered":"Empresa"},"content":{"rendered":"<p><div class=\"fusion-fullwidth fullwidth-box fusion-builder-row-1 fusion-flex-container has-pattern-background has-mask-background fusion-parallax-none nonhundred-percent-fullwidth non-hundred-percent-height-scrolling lazyload\" style=\"--awb-border-radius-top-left:0px;--awb-border-radius-top-right:0px;--awb-border-radius-bottom-right:0px;--awb-border-radius-bottom-left:0px;--awb-padding-top:45px;--awb-background-color:var(--awb-color2);--awb-background-size:cover;--awb-flex-wrap:wrap;\" data-bg=\"https:\/\/salazardenersa.es\/wp-content\/uploads\/2023\/10\/IMG_7822.jpeg\" ><div class=\"fusion-builder-row fusion-row fusion-flex-align-items-flex-start fusion-flex-justify-content-center fusion-flex-content-wrap\" style=\"max-width:calc( 1180px + 0px );margin-left: calc(-0px \/ 2 );margin-right: calc(-0px \/ 2 );\"><div class=\"fusion-layout-column fusion_builder_column fusion-builder-column-0 fusion_builder_column_2_3 2_3 fusion-flex-column fusion-animated\" style=\"--awb-bg-color:rgba(244,244,244,0.62);--awb-bg-color-hover:rgba(244,244,244,0.62);--awb-bg-blend:overlay;--awb-bg-size:cover;--awb-width-large:66.666666666667%;--awb-margin-top-large:85px;--awb-spacing-right-large:0px;--awb-margin-bottom-large:60px;--awb-spacing-left-large:0px;--awb-width-medium:100%;--awb-spacing-right-medium:0px;--awb-spacing-left-medium:0px;--awb-width-small:100%;--awb-spacing-right-small:0px;--awb-spacing-left-small:0px;\" data-animationType=\"zoomIn\" data-animationDuration=\"0.9\" data-animationOffset=\"top-into-view\"><div class=\"fusion-column-wrapper fusion-flex-justify-content-flex-start fusion-content-layout-column\"><div class=\"fusion-title title fusion-title-1 fusion-sep-none fusion-title-center fusion-title-text fusion-title-size-one\"><h1 class=\"fusion-title-heading title-heading-center fusion-responsive-typography-calculated\" style=\"margin:0;--fontSize:68;line-height:var(--awb-typography1-line-height);\"><span style=\"color: var(--awb-color7);\">SALAZAR-DENERSA<\/span><\/h1><\/div><div class=\"fusion-title title fusion-title-2 fusion-sep-none fusion-title-center fusion-title-text fusion-title-size-three\"><h3 class=\"fusion-title-heading title-heading-center fusion-responsive-typography-calculated\" style=\"margin:0;--fontSize:26;line-height:var(--awb-typography1-line-height);\"><span style=\"color: var(--awb-color7);\">SOMOS ENERG\u00cdA Y OBRA P\u00daBLICA<\/span><\/h3><\/div><div class=\"fusion-separator\" style=\"align-self: center;margin-left: auto;margin-right: auto;margin-top:16px;margin-bottom:36px;width:100%;max-width:24%;\"><div class=\"fusion-separator-border sep-single\" style=\"--awb-height:20px;--awb-amount:20px;border-color:var(--awb-color6);border-top-width:2px;\"><\/div><\/div><div class=\"fusion-text fusion-text-1\" style=\"--awb-text-transform:none;--awb-text-color:var(--awb-color8);\"><p style=\"text-align: center;\">SALAZAR-DENERSA es una empresa constructora creada en 1.998, formada por un equipo de t\u00e9cnicos y personal cualificado especializado en la Construcci\u00f3n de Obra P\u00fablica.<\/p>\n<p style=\"text-align: center;\">Ofrecemos Asesoramiento T\u00e9cnico a trav\u00e9s de nuestra Oficina T\u00e9cnica para la ejecuci\u00f3n de cualquier tipo de Obra:<\/p>\n<\/div><\/div><\/div><div class=\"fusion-layout-column fusion_builder_column fusion-builder-column-1 fusion_builder_column_1_1 1_1 fusion-flex-column\" style=\"--awb-bg-blend:overlay;--awb-bg-size:cover;--awb-width-large:100%;--awb-margin-top-large:0px;--awb-spacing-right-large:0px;--awb-margin-bottom-large:0px;--awb-spacing-left-large:0px;--awb-width-medium:100%;--awb-spacing-right-medium:0px;--awb-spacing-left-medium:0px;--awb-width-small:100%;--awb-spacing-right-small:0px;--awb-spacing-left-small:0px;\"><div class=\"fusion-column-wrapper fusion-flex-justify-content-center fusion-content-layout-column\"><div class=\"fusion-section-separator section-separator big-half-circle fusion-section-separator-1\" style=\"--awb-spacer-height:99px;--awb-svg-margin-left:0px;--awb-svg-margin-right:0px;--awb-svg-margin-left-medium:0px;--awb-svg-margin-right-medium:0px;--awb-svg-margin-left-small:0px;--awb-svg-margin-right-small:0px;--awb-divider-height:99px;--awb-spacer-padding-top:inherit;--awb-sep-padding:0;--awb-svg-padding:0;\"><div class=\"fusion-section-separator-svg\"><svg class=\"fusion-big-half-circle-candy\" xmlns=\"http:\/\/www.w3.org\/2000\/svg\" version=\"1.1\" width=\"100%\" height=\"100\" viewBox=\"0 0 100 100\" preserveAspectRatio=\"none\" fill=\"rgba(255,255,255,1)\"><path d=\"M0 100 C40 0 60 0 100 100 Z\"><\/path><\/svg><\/div><div class=\"fusion-section-separator-spacer\"><div class=\"fusion-section-separator-spacer-height\"><\/div><\/div><\/div><\/div><\/div><\/div><\/div><div class=\"fusion-fullwidth fullwidth-box fusion-builder-row-2 fusion-flex-container nonhundred-percent-fullwidth non-hundred-percent-height-scrolling\" style=\"--awb-border-radius-top-left:0px;--awb-border-radius-top-right:0px;--awb-border-radius-bottom-right:0px;--awb-border-radius-bottom-left:0px;--awb-background-color:#ffffff;--awb-flex-wrap:wrap;\" ><div class=\"fusion-builder-row fusion-row fusion-flex-align-items-flex-start fusion-flex-content-wrap\" style=\"max-width:1227.2px;margin-left: calc(-4% \/ 2 );margin-right: calc(-4% \/ 2 );\"><div class=\"fusion-layout-column fusion_builder_column fusion-builder-column-2 fusion_builder_column_1_2 1_2 fusion-flex-column\" style=\"--awb-bg-size:cover;--awb-width-large:50%;--awb-margin-top-large:15px;--awb-spacing-right-large:3.84%;--awb-margin-bottom-large:15px;--awb-spacing-left-large:3.84%;--awb-width-medium:100%;--awb-order-medium:0;--awb-spacing-right-medium:1.92%;--awb-spacing-left-medium:1.92%;--awb-width-small:100%;--awb-order-small:0;--awb-spacing-right-small:1.92%;--awb-spacing-left-small:1.92%;\"><div class=\"fusion-column-wrapper fusion-column-has-shadow fusion-flex-justify-content-flex-start fusion-content-layout-column\"><div class=\"fusion-image-element \" style=\"--awb-caption-title-font-family:var(--h2_typography-font-family);--awb-caption-title-font-weight:var(--h2_typography-font-weight);--awb-caption-title-font-style:var(--h2_typography-font-style);--awb-caption-title-size:var(--h2_typography-font-size);--awb-caption-title-transform:var(--h2_typography-text-transform);--awb-caption-title-line-height:var(--h2_typography-line-height);--awb-caption-title-letter-spacing:var(--h2_typography-letter-spacing);\"><span class=\" fusion-imageframe imageframe-dropshadow imageframe-1 hover-type-none\" style=\"-webkit-box-shadow: 3px 3px 7px hsla(var(--awb-color3-h),var(--awb-color3-s),calc(var(--awb-color3-l) - 87%),var(--awb-color3-a));box-shadow: 3px 3px 7px hsla(var(--awb-color3-h),var(--awb-color3-s),calc(var(--awb-color3-l) - 87%),var(--awb-color3-a));\"><img decoding=\"async\" width=\"2048\" height=\"1536\" alt=\"Urbanizacion caminos Salazar Denersa 34\" title=\"Urbanizacion caminos Salazar Denersa 34\" src=\"https:\/\/salazardenersa.es\/wp-content\/uploads\/2023\/10\/IMG_1136.jpeg\" data-orig-src=\"https:\/\/salazardenersa.es\/wp-content\/uploads\/2023\/10\/IMG_1136.jpeg\" class=\"lazyload img-responsive wp-image-2601\" srcset=\"data:image\/svg+xml,%3Csvg%20xmlns%3D%27http%3A%2F%2Fwww.w3.org%2F2000%2Fsvg%27%20width%3D%272048%27%20height%3D%271536%27%20viewBox%3D%270%200%202048%201536%27%3E%3Crect%20width%3D%272048%27%20height%3D%271536%27%20fill-opacity%3D%220%22%2F%3E%3C%2Fsvg%3E\" data-srcset=\"https:\/\/salazardenersa.es\/wp-content\/uploads\/2023\/10\/IMG_1136-200x150.jpeg 200w, https:\/\/salazardenersa.es\/wp-content\/uploads\/2023\/10\/IMG_1136-400x300.jpeg 400w, https:\/\/salazardenersa.es\/wp-content\/uploads\/2023\/10\/IMG_1136-600x450.jpeg 600w, https:\/\/salazardenersa.es\/wp-content\/uploads\/2023\/10\/IMG_1136-800x600.jpeg 800w, https:\/\/salazardenersa.es\/wp-content\/uploads\/2023\/10\/IMG_1136-1200x900.jpeg 1200w, https:\/\/salazardenersa.es\/wp-content\/uploads\/2023\/10\/IMG_1136.jpeg 2048w\" data-sizes=\"auto\" data-orig-sizes=\"(max-width: 1000px) 100vw, (max-width: 640px) 100vw, 600px\" \/><\/span><\/div><div class=\"fusion-text fusion-text-2\" style=\"--awb-text-transform:none;--awb-text-color:var(--awb-color8);\"><p><strong><u>SUMINISTRO DE MATERIALES:<\/u><\/strong><\/p>\n<ul>\n<li>HORMIG\u00d3N<\/li>\n<li>GRAVAS<\/li>\n<li>ARENAS<\/li>\n<li>ZAHORRA<\/li>\n<li>TIERRA VEGETAL<\/li>\n<\/ul>\n<p>Disponemos de equipo completo de maquinaria de movimiento de tierras, gravera con \u00e1ridos con marcado CE y Planta de Hormig\u00f3n a su servicio.<\/p>\n<p>Nuestro equipo t\u00e9cnico de Ingenieros est\u00e1 a su disposici\u00f3n para la valoraci\u00f3n econ\u00f3mica y soluci\u00f3n t\u00e9cnica de cualquier obra que necesiten.<\/p>\n<\/div><\/div><\/div><div class=\"fusion-layout-column fusion_builder_column fusion-builder-column-3 fusion_builder_column_1_2 1_2 fusion-flex-column\" style=\"--awb-bg-size:cover;--awb-width-large:50%;--awb-margin-top-large:15px;--awb-spacing-right-large:3.84%;--awb-margin-bottom-large:15px;--awb-spacing-left-large:3.84%;--awb-width-medium:100%;--awb-order-medium:0;--awb-spacing-right-medium:1.92%;--awb-spacing-left-medium:1.92%;--awb-width-small:100%;--awb-order-small:0;--awb-spacing-right-small:1.92%;--awb-spacing-left-small:1.92%;\"><div class=\"fusion-column-wrapper fusion-column-has-shadow fusion-flex-justify-content-flex-start fusion-content-layout-column\"><div class=\"fusion-text fusion-text-3\" style=\"--awb-text-transform:none;--awb-text-color:var(--awb-color8);\"><p><strong><u>EJECUCION DE OBRA CIVIL:<\/u><\/strong><\/p>\n<ul>\n<li><strong><u>CAMINOS Y CARRETERAS:<\/u><\/strong> Obras de construcci\u00f3n de nuevos caminos y reperfilado de caminos existentes con aporte de zahorra en caso de ser necesario.<\/li>\n<li><strong><u>MOVIMIENTO DE TIERRAS:<\/u><\/strong> Desmontes, explanaciones, rellenos y demoliciones.<\/li>\n<li><strong><u>PAVIMENTACIONES:<\/u><\/strong> Pavimentaciones, Pistas Polideportivas y soleras industriales<\/li>\n<li><strong><u>OBRAS HIDRAULICAS<\/u><\/strong>: defensas de m\u00e1rgenes con escollera, dragado de r\u00edos y arroyos.<\/li>\n<li><strong><u>ENERG\u00cdA:<\/u><\/strong> construcci\u00f3n de obra civil de proyectos de generaci\u00f3n de energ\u00eda renovable: e\u00f3lica, solar, hidroel\u00e9ctrica.<\/li>\n<\/ul>\n<\/div><div class=\"fusion-image-element \" style=\"--awb-caption-title-font-family:var(--h2_typography-font-family);--awb-caption-title-font-weight:var(--h2_typography-font-weight);--awb-caption-title-font-style:var(--h2_typography-font-style);--awb-caption-title-size:var(--h2_typography-font-size);--awb-caption-title-transform:var(--h2_typography-text-transform);--awb-caption-title-line-height:var(--h2_typography-line-height);--awb-caption-title-letter-spacing:var(--h2_typography-letter-spacing);\"><span class=\" fusion-imageframe imageframe-dropshadow imageframe-2 hover-type-none\" style=\"-webkit-box-shadow: 3px 3px 7px hsla(var(--awb-color3-h),var(--awb-color3-s),calc(var(--awb-color3-l) - 87%),var(--awb-color3-a));box-shadow: 3px 3px 7px hsla(var(--awb-color3-h),var(--awb-color3-s),calc(var(--awb-color3-l) - 87%),var(--awb-color3-a));\"><img decoding=\"async\" width=\"1024\" height=\"768\" alt=\"Urbanizacion Salazar Denersa 16\" title=\"Urbanizacion Salazar Denersa 16\" src=\"https:\/\/salazardenersa.es\/wp-content\/uploads\/2023\/10\/c06645f6-5fd5-4061-a6c9-9d463ec4c327.jpg\" data-orig-src=\"https:\/\/salazardenersa.es\/wp-content\/uploads\/2023\/10\/c06645f6-5fd5-4061-a6c9-9d463ec4c327.jpg\" class=\"lazyload img-responsive wp-image-2556\" srcset=\"data:image\/svg+xml,%3Csvg%20xmlns%3D%27http%3A%2F%2Fwww.w3.org%2F2000%2Fsvg%27%20width%3D%271024%27%20height%3D%27768%27%20viewBox%3D%270%200%201024%20768%27%3E%3Crect%20width%3D%271024%27%20height%3D%27768%27%20fill-opacity%3D%220%22%2F%3E%3C%2Fsvg%3E\" data-srcset=\"https:\/\/salazardenersa.es\/wp-content\/uploads\/2023\/10\/c06645f6-5fd5-4061-a6c9-9d463ec4c327-200x150.jpg 200w, https:\/\/salazardenersa.es\/wp-content\/uploads\/2023\/10\/c06645f6-5fd5-4061-a6c9-9d463ec4c327-400x300.jpg 400w, https:\/\/salazardenersa.es\/wp-content\/uploads\/2023\/10\/c06645f6-5fd5-4061-a6c9-9d463ec4c327-600x450.jpg 600w, https:\/\/salazardenersa.es\/wp-content\/uploads\/2023\/10\/c06645f6-5fd5-4061-a6c9-9d463ec4c327-800x600.jpg 800w, https:\/\/salazardenersa.es\/wp-content\/uploads\/2023\/10\/c06645f6-5fd5-4061-a6c9-9d463ec4c327.jpg 1024w\" data-sizes=\"auto\" data-orig-sizes=\"(max-width: 1000px) 100vw, (max-width: 640px) 100vw, 600px\" \/><\/span><\/div><\/div><\/div><div class=\"fusion-layout-column fusion_builder_column fusion-builder-column-4 fusion_builder_column_1_2 1_2 fusion-flex-column\" style=\"--awb-bg-size:cover;--awb-width-large:50%;--awb-margin-top-large:15px;--awb-spacing-right-large:3.84%;--awb-margin-bottom-large:15px;--awb-spacing-left-large:3.84%;--awb-width-medium:100%;--awb-order-medium:0;--awb-spacing-right-medium:1.92%;--awb-spacing-left-medium:1.92%;--awb-width-small:100%;--awb-order-small:0;--awb-spacing-right-small:1.92%;--awb-spacing-left-small:1.92%;\"><div class=\"fusion-column-wrapper fusion-column-has-shadow fusion-flex-justify-content-flex-start fusion-content-layout-column\"><div class=\"fusion-image-element \" style=\"--awb-caption-title-font-family:var(--h2_typography-font-family);--awb-caption-title-font-weight:var(--h2_typography-font-weight);--awb-caption-title-font-style:var(--h2_typography-font-style);--awb-caption-title-size:var(--h2_typography-font-size);--awb-caption-title-transform:var(--h2_typography-text-transform);--awb-caption-title-line-height:var(--h2_typography-line-height);--awb-caption-title-letter-spacing:var(--h2_typography-letter-spacing);\"><span class=\" fusion-imageframe imageframe-dropshadow imageframe-3 hover-type-none\" style=\"-webkit-box-shadow: 3px 3px 7px hsla(var(--awb-color3-h),var(--awb-color3-s),calc(var(--awb-color3-l) - 87%),var(--awb-color3-a));box-shadow: 3px 3px 7px hsla(var(--awb-color3-h),var(--awb-color3-s),calc(var(--awb-color3-l) - 87%),var(--awb-color3-a));\"><img decoding=\"async\" width=\"480\" height=\"343\" alt=\"hidroelectricas Salazar denersa 23\" title=\"hidroelectricas Salazar denersa 23\" src=\"https:\/\/salazardenersa.es\/wp-content\/uploads\/2022\/04\/IMG_15141.jpg\" data-orig-src=\"https:\/\/salazardenersa.es\/wp-content\/uploads\/2022\/04\/IMG_15141.jpg\" class=\"lazyload img-responsive wp-image-2392\" srcset=\"data:image\/svg+xml,%3Csvg%20xmlns%3D%27http%3A%2F%2Fwww.w3.org%2F2000%2Fsvg%27%20width%3D%27480%27%20height%3D%27343%27%20viewBox%3D%270%200%20480%20343%27%3E%3Crect%20width%3D%27480%27%20height%3D%27343%27%20fill-opacity%3D%220%22%2F%3E%3C%2Fsvg%3E\" data-srcset=\"https:\/\/salazardenersa.es\/wp-content\/uploads\/2022\/04\/IMG_15141-200x143.jpg 200w, https:\/\/salazardenersa.es\/wp-content\/uploads\/2022\/04\/IMG_15141-400x286.jpg 400w, https:\/\/salazardenersa.es\/wp-content\/uploads\/2022\/04\/IMG_15141.jpg 480w\" data-sizes=\"auto\" data-orig-sizes=\"(max-width: 1000px) 100vw, (max-width: 640px) 100vw, 480px\" \/><\/span><\/div><\/div><\/div><\/div><\/div><\/p>\n","protected":false},"excerpt":{"rendered":"","protected":false},"author":1,"featured_media":0,"parent":0,"menu_order":1,"comment_status":"closed","ping_status":"closed","template":"100-width.php","meta":{"footnotes":""},"class_list":["post-16","page","type-page","status-publish","hentry"],"yoast_head":"<!-- This site is optimized with the Yoast SEO plugin v23.5 - https:\/\/yoast.com\/wordpress\/plugins\/seo\/ -->\n<title>Empresa - Salazar Denersa<\/title>\n<meta name=\"description\" content=\"SALAZAR-DENERSA es una empresa, formada por un equipo de t\u00e9cnicos y personal cualificado especializado en la Construcci\u00f3n de Obra P\u00fablica.\" \/>\n<meta name=\"robots\" content=\"index, follow, max-snippet:-1, max-image-preview:large, max-video-preview:-1\" \/>\n<link rel=\"canonical\" href=\"https:\/\/salazardenersa.es\/index.php\/empresa\/\" \/>\n<meta property=\"og:locale\" content=\"es_ES\" \/>\n<meta property=\"og:type\" content=\"article\" \/>\n<meta property=\"og:title\" content=\"Empresa - Salazar Denersa\" \/>\n<meta property=\"og:description\" content=\"SALAZAR-DENERSA es una empresa, formada por un equipo de t\u00e9cnicos y personal cualificado especializado en la Construcci\u00f3n de Obra P\u00fablica.\" \/>\n<meta property=\"og:url\" content=\"https:\/\/salazardenersa.es\/index.php\/empresa\/\" \/>\n<meta property=\"og:site_name\" content=\"Salazar Denersa\" \/>\n<meta property=\"article:modified_time\" content=\"2024-10-02T11:14:40+00:00\" \/>\n<meta name=\"twitter:card\" content=\"summary_large_image\" \/>\n<meta name=\"twitter:label1\" content=\"Tiempo de lectura\" \/>\n\t<meta name=\"twitter:data1\" content=\"2 minutos\" \/>\n<script type=\"application\/ld+json\" class=\"yoast-schema-graph\">{\"@context\":\"https:\/\/schema.org\",\"@graph\":[{\"@type\":\"WebPage\",\"@id\":\"https:\/\/salazardenersa.es\/index.php\/empresa\/\",\"url\":\"https:\/\/salazardenersa.es\/index.php\/empresa\/\",\"name\":\"Empresa - Salazar Denersa\",\"isPartOf\":{\"@id\":\"https:\/\/salazardenersa.es\/#website\"},\"datePublished\":\"2017-11-15T09:43:23+00:00\",\"dateModified\":\"2024-10-02T11:14:40+00:00\",\"description\":\"SALAZAR-DENERSA es una empresa, formada por un equipo de t\u00e9cnicos y personal cualificado especializado en la Construcci\u00f3n de Obra P\u00fablica.\",\"breadcrumb\":{\"@id\":\"https:\/\/salazardenersa.es\/index.php\/empresa\/#breadcrumb\"},\"inLanguage\":\"es\",\"potentialAction\":[{\"@type\":\"ReadAction\",\"target\":[\"https:\/\/salazardenersa.es\/index.php\/empresa\/\"]}]},{\"@type\":\"BreadcrumbList\",\"@id\":\"https:\/\/salazardenersa.es\/index.php\/empresa\/#breadcrumb\",\"itemListElement\":[{\"@type\":\"ListItem\",\"position\":1,\"name\":\"Portada\",\"item\":\"https:\/\/salazardenersa.es\/\"},{\"@type\":\"ListItem\",\"position\":2,\"name\":\"Empresa\"}]},{\"@type\":\"WebSite\",\"@id\":\"https:\/\/salazardenersa.es\/#website\",\"url\":\"https:\/\/salazardenersa.es\/\",\"name\":\"Salazar Denersa\",\"description\":\"Energ\u00edas renovables e ingener\u00eda civil\",\"potentialAction\":[{\"@type\":\"SearchAction\",\"target\":{\"@type\":\"EntryPoint\",\"urlTemplate\":\"https:\/\/salazardenersa.es\/?s={search_term_string}\"},\"query-input\":{\"@type\":\"PropertyValueSpecification\",\"valueRequired\":true,\"valueName\":\"search_term_string\"}}],\"inLanguage\":\"es\"}]}<\/script>\n<!-- \/ Yoast SEO plugin. -->","yoast_head_json":{"title":"Empresa - Salazar Denersa","description":"SALAZAR-DENERSA es una empresa, formada por un equipo de t\u00e9cnicos y personal cualificado especializado en la Construcci\u00f3n de Obra P\u00fablica.","robots":{"index":"index","follow":"follow","max-snippet":"max-snippet:-1","max-image-preview":"max-image-preview:large","max-video-preview":"max-video-preview:-1"},"canonical":"https:\/\/salazardenersa.es\/index.php\/empresa\/","og_locale":"es_ES","og_type":"article","og_title":"Empresa - Salazar Denersa","og_description":"SALAZAR-DENERSA es una empresa, formada por un equipo de t\u00e9cnicos y personal cualificado especializado en la Construcci\u00f3n de Obra P\u00fablica.","og_url":"https:\/\/salazardenersa.es\/index.php\/empresa\/","og_site_name":"Salazar Denersa","article_modified_time":"2024-10-02T11:14:40+00:00","twitter_card":"summary_large_image","twitter_misc":{"Tiempo de lectura":"2 minutos"},"schema":{"@context":"https:\/\/schema.org","@graph":[{"@type":"WebPage","@id":"https:\/\/salazardenersa.es\/index.php\/empresa\/","url":"https:\/\/salazardenersa.es\/index.php\/empresa\/","name":"Empresa - Salazar Denersa","isPartOf":{"@id":"https:\/\/salazardenersa.es\/#website"},"datePublished":"2017-11-15T09:43:23+00:00","dateModified":"2024-10-02T11:14:40+00:00","description":"SALAZAR-DENERSA es una empresa, formada por un equipo de t\u00e9cnicos y personal cualificado especializado en la Construcci\u00f3n de Obra P\u00fablica.","breadcrumb":{"@id":"https:\/\/salazardenersa.es\/index.php\/empresa\/#breadcrumb"},"inLanguage":"es","potentialAction":[{"@type":"ReadAction","target":["https:\/\/salazardenersa.es\/index.php\/empresa\/"]}]},{"@type":"BreadcrumbList","@id":"https:\/\/salazardenersa.es\/index.php\/empresa\/#breadcrumb","itemListElement":[{"@type":"ListItem","position":1,"name":"Portada","item":"https:\/\/salazardenersa.es\/"},{"@type":"ListItem","position":2,"name":"Empresa"}]},{"@type":"WebSite","@id":"https:\/\/salazardenersa.es\/#website","url":"https:\/\/salazardenersa.es\/","name":"Salazar Denersa","description":"Energ\u00edas renovables e ingener\u00eda civil","potentialAction":[{"@type":"SearchAction","target":{"@type":"EntryPoint","urlTemplate":"https:\/\/salazardenersa.es\/?s={search_term_string}"},"query-input":{"@type":"PropertyValueSpecification","valueRequired":true,"valueName":"search_term_string"}}],"inLanguage":"es"}]}},"_links":{"self":[{"href":"https:\/\/salazardenersa.es\/index.php\/wp-json\/wp\/v2\/pages\/16","targetHints":{"allow":["GET"]}}],"collection":[{"href":"https:\/\/salazardenersa.es\/index.php\/wp-json\/wp\/v2\/pages"}],"about":[{"href":"https:\/\/salazardenersa.es\/index.php\/wp-json\/wp\/v2\/types\/page"}],"author":[{"embeddable":true,"href":"https:\/\/salazardenersa.es\/index.php\/wp-json\/wp\/v2\/users\/1"}],"replies":[{"embeddable":true,"href":"https:\/\/salazardenersa.es\/index.php\/wp-json\/wp\/v2\/comments?post=16"}],"version-history":[{"count":26,"href":"https:\/\/salazardenersa.es\/index.php\/wp-json\/wp\/v2\/pages\/16\/revisions"}],"predecessor-version":[{"id":2712,"href":"https:\/\/salazardenersa.es\/index.php\/wp-json\/wp\/v2\/pages\/16\/revisions\/2712"}],"wp:attachment":[{"href":"https:\/\/salazardenersa.es\/index.php\/wp-json\/wp\/v2\/media?parent=16"}],"curies":[{"name":"wp","href":"https:\/\/api.w.org\/{rel}","templated":true}]}}